{"id":637,"date":"2022-08-16T15:58:59","date_gmt":"2022-08-16T15:58:59","guid":{"rendered":"https:\/\/macgillivraylaw.com\/fr\/?page_id=637"},"modified":"2023-09-12T19:19:09","modified_gmt":"2023-09-12T19:19:09","slug":"dommages-interets-generaux","status":"publish","type":"page","link":"https:\/\/macgillivraylaw.com\/fr\/dommages-interets-generaux","title":{"rendered":"Guide des dommages-int\u00e9r\u00eats g\u00e9n\u00e9raux"},"content":{"rendered":"","protected":false},"excerpt":{"rendered":"","protected":false},"author":1,"featured_media":0,"parent":0,"menu_order":22,"comment_status":"closed","ping_status":"closed","template":"templates\/damage-guide.php","meta":{"_acf_changed":false,"footnotes":"","_links_to":"","_links_to_target":""},"province":[],"class_list":["post-637","page","type-page","status-publish","hentry"],"acf":[],"_links":{"self":[{"href":"https:\/\/macgillivraylaw.com\/fr\/wp-json\/wp\/v2\/pages\/637","targetHints":{"allow":["GET"]}}],"collection":[{"href":"https:\/\/macgillivraylaw.com\/fr\/wp-json\/wp\/v2\/pages"}],"about":[{"href":"https:\/\/macgillivraylaw.com\/fr\/wp-json\/wp\/v2\/types\/page"}],"author":[{"embeddable":true,"href":"https:\/\/macgillivraylaw.com\/fr\/wp-json\/wp\/v2\/users\/1"}],"replies":[{"embeddable":true,"href":"https:\/\/macgillivraylaw.com\/fr\/wp-json\/wp\/v2\/comments?post=637"}],"version-history":[{"count":170,"href":"https:\/\/macgillivraylaw.com\/fr\/wp-json\/wp\/v2\/pages\/637\/revisions"}],"predecessor-version":[{"id":7546,"href":"https:\/\/macgillivraylaw.com\/fr\/wp-json\/wp\/v2\/pages\/637\/revisions\/7546"}],"wp:attachment":[{"href":"https:\/\/macgillivraylaw.com\/fr\/wp-json\/wp\/v2\/media?parent=637"}],"wp:term":[{"taxonomy":"province","embeddable":true,"href":"https:\/\/macgillivraylaw.com\/fr\/wp-json\/wp\/v2\/province?post=637"}],"curies":[{"name":"wp","href":"https:\/\/api.w.org\/{rel}","templated":true}]}}